{"id":3361,"date":"2025-08-31T17:02:41","date_gmt":"2025-08-31T17:02:41","guid":{"rendered":"https:\/\/sanblanch.com\/nova-casa-molt-mediterrania\/"},"modified":"2026-01-16T10:45:12","modified_gmt":"2026-01-16T10:45:12","slug":"nova-casa-molt-mediterrania","status":"publish","type":"page","link":"https:\/\/sanblanch.com\/ca\/nova-casa-molt-mediterrania\/","title":{"rendered":"Nova casa molt mediterr\u00e0nia"},"content":{"rendered":"\t\t<div data-elementor-type=\"wp-page\" data-elementor-id=\"3361\" class=\"elementor elementor-3361 elementor-2614\" data-elementor-post-type=\"page\">\n\t\t\t\t<div class=\"elementor-element elementor-element-7a412386 e-flex e-con-boxed e-con e-parent\" data-id=\"7a412386\" data-element_type=\"container\" data-e-type=\"container\" data-settings=\"{&quot;background_background&quot;:&quot;classic&quot;}\">\n\t\t\t\t\t<div class=\"e-con-inner\">\n\t\t\t\t<div class=\"elementor-element elementor-element-2a7ae1c8 elementor-widget elementor-widget-heading\" data-id=\"2a7ae1c8\" data-element_type=\"widget\" data-e-type=\"widget\" data-widget_type=\"heading.default\">\n\t\t\t\t\t<h1 class=\"elementor-heading-title elementor-size-default\">Nova casa molt mediterr\u00e0nia <\/h1>\t\t\t\t<\/div>\n\t\t\t\t<div class=\"elementor-element elementor-element-32c3bc22 elementor-widget elementor-widget-text-editor\" data-id=\"32c3bc22\" data-element_type=\"widget\" data-e-type=\"widget\" data-widget_type=\"text-editor.default\">\n\t\t\t\t\t\t\t\t\t<p>Sitges<\/p>\t\t\t\t\t\t\t\t<\/div>\n\t\t\t\t\t<\/div>\n\t\t\t\t<\/div>\n\t\t<div class=\"elementor-element elementor-element-2487dfdd e-flex e-con-boxed e-con e-parent\" data-id=\"2487dfdd\" data-element_type=\"container\" data-e-type=\"container\">\n\t\t\t\t\t<div class=\"e-con-inner\">\n\t\t\t\t\t<\/div>\n\t\t\t\t<\/div>\n\t\t<div class=\"elementor-element elementor-element-3a790842 e-con-full elementor-hidden-desktop e-flex e-con e-parent\" data-id=\"3a790842\" data-element_type=\"container\" data-e-type=\"container\">\n\t\t<div class=\"elementor-element elementor-element-1aa8c7bc e-flex e-con-boxed e-con e-child\" data-id=\"1aa8c7bc\" data-element_type=\"container\" data-e-type=\"container\">\n\t\t\t\t\t<div class=\"e-con-inner\">\n\t\t\t\t<div class=\"elementor-element elementor-element-572c533f elementor-widget elementor-widget-heading\" data-id=\"572c533f\" data-element_type=\"widget\" data-e-type=\"widget\" data-widget_type=\"heading.default\">\n\t\t\t\t\t<h2 class=\"elementor-heading-title elementor-size-default\">Una llar renovada amb estil mediterrani<\/h2>\t\t\t\t<\/div>\n\t\t\t\t<div class=\"elementor-element elementor-element-593fac46 elementor-hidden-desktop elementor-widget elementor-widget-image\" data-id=\"593fac46\" data-element_type=\"widget\" data-e-type=\"widget\" data-widget_type=\"image.default\">\n\t\t\t\t\t\t\t\t\t\t\t\t\t\t\t<img fetchpriority=\"high\" decoding=\"async\" width=\"770\" height=\"514\" src=\"https:\/\/sanblanch.com\/wp-content\/uploads\/2025\/08\/bano-sitges-1-1024x683.webp\" class=\"attachment-large size-large wp-image-2285\" alt=\"\" srcset=\"https:\/\/sanblanch.com\/wp-content\/uploads\/2025\/08\/bano-sitges-1-1024x683.webp 1024w, https:\/\/sanblanch.com\/wp-content\/uploads\/2025\/08\/bano-sitges-1-300x200.webp 300w, https:\/\/sanblanch.com\/wp-content\/uploads\/2025\/08\/bano-sitges-1-768x512.webp 768w, https:\/\/sanblanch.com\/wp-content\/uploads\/2025\/08\/bano-sitges-1-1536x1024.webp 1536w, https:\/\/sanblanch.com\/wp-content\/uploads\/2025\/08\/bano-sitges-1.webp 1900w\" sizes=\"(max-width: 770px) 100vw, 770px\" \/>\t\t\t\t\t\t\t\t\t\t\t\t\t\t\t<\/div>\n\t\t\t\t<div class=\"elementor-element elementor-element-6d3c1c4c elementor-widget elementor-widget-text-editor\" data-id=\"6d3c1c4c\" data-element_type=\"widget\" data-e-type=\"widget\" data-widget_type=\"text-editor.default\">\n\t\t\t\t\t\t\t\t\t<p data-start=\"370\" data-end=\"581\">A Sanblanch vam dur a terme la reforma integral d\u2019un habitatge a Sitges, transformant una casa amb gran potencial \u2014 per\u00f2 desgastada pel pas del temps \u2014 en una llar moderna, funcional i plena de vida.<\/p><h3 data-start=\"583\" data-end=\"616\">Una transformaci\u00f3 completa<\/h3><ul data-start=\"617\" data-end=\"836\"><li data-start=\"617\" data-end=\"685\"><p data-start=\"619\" data-end=\"685\">Planta baixa, primera planta i golfes completament renovades.<\/p><\/li><li data-start=\"686\" data-end=\"761\"><p data-start=\"688\" data-end=\"761\">Nous terres i parets restaurades per aportar calidesa i lluminositat.<\/p><\/li><li data-start=\"762\" data-end=\"836\"><p data-start=\"764\" data-end=\"836\">Distribuci\u00f3 optimitzada per guanyar amplitud i flu\u00efdesa als espais.<\/p><\/li><\/ul><p data-start=\"838\" data-end=\"984\">El resultat: un habitatge m\u00e9s acollidor, llumin\u00f3s i contemporani, on cada detall reflecteix la dedicaci\u00f3 i la qualitat del nostre equip.<\/p>\t\t\t\t\t\t\t\t<\/div>\n\t\t\t\t\t<\/div>\n\t\t\t\t<\/div>\n\t\t\t\t<\/div>\n\t\t<div class=\"elementor-element elementor-element-c6da495 e-con-full elementor-hidden-tablet elementor-hidden-mobile e-flex e-con e-parent\" data-id=\"c6da495\" data-element_type=\"container\" data-e-type=\"container\">\n\t\t<div class=\"elementor-element elementor-element-5e9c65d e-con-full e-flex e-con e-child\" data-id=\"5e9c65d\" data-element_type=\"container\" data-e-type=\"container\">\n\t\t\t\t<div class=\"elementor-element elementor-element-ef8750e elementor-widget elementor-widget-heading\" data-id=\"ef8750e\" data-element_type=\"widget\" data-e-type=\"widget\" data-widget_type=\"heading.default\">\n\t\t\t\t\t<h2 class=\"elementor-heading-title elementor-size-default\">Una llar renovada amb estil mediterrani<\/h2>\t\t\t\t<\/div>\n\t\t\t\t<div class=\"elementor-element elementor-element-be7b161 elementor-widget elementor-widget-text-editor\" data-id=\"be7b161\" data-element_type=\"widget\" data-e-type=\"widget\" data-widget_type=\"text-editor.default\">\n\t\t\t\t\t\t\t\t\t<p data-start=\"370\" data-end=\"581\">A Sanblanch vam dur a terme la reforma integral d\u2019un habitatge a Sitges, transformant una casa amb gran potencial \u2014 per\u00f2 desgastada pel pas del temps \u2014 en una llar moderna, funcional i plena de vida.<\/p><h3 data-start=\"583\" data-end=\"616\">Una transformaci\u00f3 completa<\/h3><ul data-start=\"617\" data-end=\"836\"><li data-start=\"617\" data-end=\"685\"><p data-start=\"619\" data-end=\"685\">Planta baixa, primera planta i golfes completament renovades.<\/p><\/li><li data-start=\"686\" data-end=\"761\"><p data-start=\"688\" data-end=\"761\">Nous terres i parets restaurades per aportar calidesa i lluminositat.<\/p><\/li><li data-start=\"762\" data-end=\"836\"><p data-start=\"764\" data-end=\"836\">Distribuci\u00f3 optimitzada per guanyar amplitud i flu\u00efdesa als espais.<\/p><\/li><\/ul><p data-start=\"838\" data-end=\"984\">El resultat: un habitatge m\u00e9s acollidor, llumin\u00f3s i contemporani, on cada detall reflecteix la dedicaci\u00f3 i la qualitat del nostre equip.<\/p>\t\t\t\t\t\t\t\t<\/div>\n\t\t\t\t<\/div>\n\t\t\t\t<div class=\"elementor-element elementor-element-da1acf1 elementor-widget elementor-widget-image\" data-id=\"da1acf1\" data-element_type=\"widget\" data-e-type=\"widget\" data-widget_type=\"image.default\">\n\t\t\t\t\t\t\t\t\t\t\t\t\t\t\t<img fetchpriority=\"high\" decoding=\"async\" width=\"770\" height=\"514\" src=\"https:\/\/sanblanch.com\/wp-content\/uploads\/2025\/08\/bano-sitges-1-1024x683.webp\" class=\"attachment-large size-large wp-image-2285\" alt=\"\" srcset=\"https:\/\/sanblanch.com\/wp-content\/uploads\/2025\/08\/bano-sitges-1-1024x683.webp 1024w, https:\/\/sanblanch.com\/wp-content\/uploads\/2025\/08\/bano-sitges-1-300x200.webp 300w, https:\/\/sanblanch.com\/wp-content\/uploads\/2025\/08\/bano-sitges-1-768x512.webp 768w, https:\/\/sanblanch.com\/wp-content\/uploads\/2025\/08\/bano-sitges-1-1536x1024.webp 1536w, https:\/\/sanblanch.com\/wp-content\/uploads\/2025\/08\/bano-sitges-1.webp 1900w\" sizes=\"(max-width: 770px) 100vw, 770px\" \/>\t\t\t\t\t\t\t\t\t\t\t\t\t\t\t<\/div>\n\t\t\t\t<\/div>\n\t\t<div class=\"elementor-element elementor-element-53c6bf37 e-con-full e-flex e-con e-parent\" data-id=\"53c6bf37\" data-element_type=\"container\" data-e-type=\"container\">\n\t\t\t\t<div class=\"elementor-element elementor-element-4b740b2 elementor-widget elementor-widget-gallery\" data-id=\"4b740b2\" data-element_type=\"widget\" data-e-type=\"widget\" data-settings=\"{&quot;columns&quot;:2,&quot;gap&quot;:{&quot;unit&quot;:&quot;px&quot;,&quot;size&quot;:14,&quot;sizes&quot;:[]},&quot;lazyload&quot;:&quot;yes&quot;,&quot;gallery_layout&quot;:&quot;grid&quot;,&quot;columns_tablet&quot;:2,&quot;columns_mobile&quot;:1,&quot;gap_tablet&quot;:{&quot;unit&quot;:&quot;px&quot;,&quot;size&quot;:10,&quot;sizes&quot;:[]},&quot;gap_mobile&quot;:{&quot;unit&quot;:&quot;px&quot;,&quot;size&quot;:10,&quot;sizes&quot;:[]},&quot;link_to&quot;:&quot;file&quot;,&quot;aspect_ratio&quot;:&quot;3:2&quot;,&quot;overlay_background&quot;:&quot;yes&quot;,&quot;content_hover_animation&quot;:&quot;fade-in&quot;}\" data-widget_type=\"gallery.default\">\n\t\t\t\t\t\t\t<div class=\"elementor-gallery__container\">\n\t\t\t\t\t\t\t<a class=\"e-gallery-item elementor-gallery-item elementor-animated-content\" href=\"https:\/\/sanblanch.com\/wp-content\/uploads\/2025\/08\/Salon-en-plena-obra.webp\" data-elementor-open-lightbox=\"yes\" data-elementor-lightbox-slideshow=\"4b740b2\" data-elementor-lightbox-title=\"Sal\u00f3n en plena obra\" data-e-action-hash=\"#elementor-action%3Aaction%3Dlightbox%26settings%3DeyJpZCI6MjYyNiwidXJsIjoiaHR0cHM6XC9cL3NhbmJsYW5jaC5jb21cL3dwLWNvbnRlbnRcL3VwbG9hZHNcLzIwMjVcLzA4XC9TYWxvbi1lbi1wbGVuYS1vYnJhLndlYnAiLCJzbGlkZXNob3ciOiI0Yjc0MGIyIn0%3D\">\n\t\t\t\t\t<div class=\"e-gallery-image elementor-gallery-item__image\" data-thumbnail=\"https:\/\/sanblanch.com\/wp-content\/uploads\/2025\/08\/Salon-en-plena-obra.webp\" data-width=\"1900\" data-height=\"1132\" aria-label=\"\" role=\"img\" ><\/div>\n\t\t\t\t\t\t\t\t\t\t\t<div class=\"elementor-gallery-item__overlay\"><\/div>\n\t\t\t\t\t\t\t\t\t\t\t\t\t\t<\/a>\n\t\t\t\t\t\t\t<a class=\"e-gallery-item elementor-gallery-item elementor-animated-content\" href=\"https:\/\/sanblanch.com\/wp-content\/uploads\/2025\/08\/Segunda-planta.webp\" data-elementor-open-lightbox=\"yes\" data-elementor-lightbox-slideshow=\"4b740b2\" data-elementor-lightbox-title=\"Segunda planta\" data-e-action-hash=\"#elementor-action%3Aaction%3Dlightbox%26settings%3DeyJpZCI6MjYyMCwidXJsIjoiaHR0cHM6XC9cL3NhbmJsYW5jaC5jb21cL3dwLWNvbnRlbnRcL3VwbG9hZHNcLzIwMjVcLzA4XC9TZWd1bmRhLXBsYW50YS53ZWJwIiwic2xpZGVzaG93IjoiNGI3NDBiMiJ9\">\n\t\t\t\t\t<div class=\"e-gallery-image elementor-gallery-item__image\" data-thumbnail=\"https:\/\/sanblanch.com\/wp-content\/uploads\/2025\/08\/Segunda-planta.webp\" data-width=\"1900\" data-height=\"1267\" aria-label=\"\" role=\"img\" ><\/div>\n\t\t\t\t\t\t\t\t\t\t\t<div class=\"elementor-gallery-item__overlay\"><\/div>\n\t\t\t\t\t\t\t\t\t\t\t\t\t\t<\/a>\n\t\t\t\t\t\t\t<a class=\"e-gallery-item elementor-gallery-item elementor-animated-content\" href=\"https:\/\/sanblanch.com\/wp-content\/uploads\/2025\/08\/Jardin-y-piscina.webp\" data-elementor-open-lightbox=\"yes\" data-elementor-lightbox-slideshow=\"4b740b2\" data-elementor-lightbox-title=\"Jardin y piscina\" data-e-action-hash=\"#elementor-action%3Aaction%3Dlightbox%26settings%3DeyJpZCI6MjYxNywidXJsIjoiaHR0cHM6XC9cL3NhbmJsYW5jaC5jb21cL3dwLWNvbnRlbnRcL3VwbG9hZHNcLzIwMjVcLzA4XC9KYXJkaW4teS1waXNjaW5hLndlYnAiLCJzbGlkZXNob3ciOiI0Yjc0MGIyIn0%3D\">\n\t\t\t\t\t<div class=\"e-gallery-image elementor-gallery-item__image\" data-thumbnail=\"https:\/\/sanblanch.com\/wp-content\/uploads\/2025\/08\/Jardin-y-piscina.webp\" data-width=\"1900\" data-height=\"1267\" aria-label=\"\" role=\"img\" ><\/div>\n\t\t\t\t\t\t\t\t\t\t\t<div class=\"elementor-gallery-item__overlay\"><\/div>\n\t\t\t\t\t\t\t\t\t\t\t\t\t\t<\/a>\n\t\t\t\t\t\t\t<a class=\"e-gallery-item elementor-gallery-item elementor-animated-content\" href=\"https:\/\/sanblanch.com\/wp-content\/uploads\/2025\/08\/Reforma-de-habitaciones.webp\" data-elementor-open-lightbox=\"yes\" data-elementor-lightbox-slideshow=\"4b740b2\" data-elementor-lightbox-title=\"Reforma de habitaciones\" data-e-action-hash=\"#elementor-action%3Aaction%3Dlightbox%26settings%3DeyJpZCI6MjYyOSwidXJsIjoiaHR0cHM6XC9cL3NhbmJsYW5jaC5jb21cL3dwLWNvbnRlbnRcL3VwbG9hZHNcLzIwMjVcLzA4XC9SZWZvcm1hLWRlLWhhYml0YWNpb25lcy53ZWJwIiwic2xpZGVzaG93IjoiNGI3NDBiMiJ9\">\n\t\t\t\t\t<div class=\"e-gallery-image elementor-gallery-item__image\" data-thumbnail=\"https:\/\/sanblanch.com\/wp-content\/uploads\/2025\/08\/Reforma-de-habitaciones.webp\" data-width=\"1900\" data-height=\"1267\" aria-label=\"\" role=\"img\" ><\/div>\n\t\t\t\t\t\t\t\t\t\t\t<div class=\"elementor-gallery-item__overlay\"><\/div>\n\t\t\t\t\t\t\t\t\t\t\t\t\t\t<\/a>\n\t\t\t\t\t<\/div>\n\t\t\t\t\t<\/div>\n\t\t\t\t<\/div>\n\t\t<div class=\"elementor-element elementor-element-3bad8f7 e-con-full e-flex e-con e-parent\" data-id=\"3bad8f7\" data-element_type=\"container\" data-e-type=\"container\" data-settings=\"{&quot;background_background&quot;:&quot;classic&quot;}\">\n\t\t\t\t<div class=\"elementor-element elementor-element-2d252010 elementor-widget elementor-widget-text-editor\" data-id=\"2d252010\" data-element_type=\"widget\" data-e-type=\"widget\" data-widget_type=\"text-editor.default\">\n\t\t\t\t\t\t\t\t\t<p data-start=\"1022\" data-end=\"1277\">Cada estan\u00e7a va ser dissenyada amb un enfocament en el confort i la funcionalitat, cuidant tant els acabats com l\u2019elecci\u00f3 dels materials. L\u2019\u00fas de materials nobles i duradors garanteix un resultat impecable, pensat per perdurar en el temps. <\/p><p data-start=\"1279\" data-end=\"1411\">Aquesta obra no va ser nom\u00e9s una reforma: va ser la creaci\u00f3 d\u2019un espai que inspira, acull i et fa sentir com a casa des del primer moment.<\/p><p data-start=\"1413\" data-end=\"1674\">Si est\u00e0s buscant una empresa de confian\u00e7a per a una <strong data-start=\"1468\" data-end=\"1513\">\n  <a class=\"decorated-link cursor-pointer\" target=\"_new\" rel=\"noopener\" data-start=\"1549\" data-end=\"1621\">reforma integral<\/a>\n<\/strong> a <strong data-start=\"1550\" data-end=\"1573\">Sitges o al Garraf<\/strong>, descobreix com treballem les nostres <a href=\"https:\/\/sanblanch.com\/ca\/reformes-integrals\/\">reformes integrals<\/a> i comen\u00e7a a imaginar la teva nova llar amb Sanblanch.<\/p>\t\t\t\t\t\t\t\t<\/div>\n\t\t\t\t<div class=\"elementor-element elementor-element-186a237b elementor-align-center elementor-mobile-align-center elementor-invisible elementor-widget elementor-widget-button\" data-id=\"186a237b\" data-element_type=\"widget\" data-e-type=\"widget\" data-settings=\"{&quot;motion_fx_motion_fx_mouse&quot;:&quot;yes&quot;,&quot;_animation&quot;:&quot;bounce&quot;}\" data-widget_type=\"button.default\">\n\t\t\t\t\t\t\t\t\t\t<a class=\"elementor-button elementor-button-link elementor-size-sm\" href=\"https:\/\/sanblanch.com\/ca\/projectes\/\">\n\t\t\t\t\t\t<span class=\"elementor-button-content-wrapper\">\n\t\t\t\t\t\t<span class=\"elementor-button-icon\">\n\t\t\t\t<svg aria-hidden=\"true\" class=\"e-font-icon-svg e-fas-plus-circle\" viewBox=\"0 0 512 512\" xmlns=\"http:\/\/www.w3.org\/2000\/svg\"><path d=\"M256 8C119 8 8 119 8 256s111 248 248 248 248-111 248-248S393 8 256 8zm144 276c0 6.6-5.4 12-12 12h-92v92c0 6.6-5.4 12-12 12h-56c-6.6 0-12-5.4-12-12v-92h-92c-6.6 0-12-5.4-12-12v-56c0-6.6 5.4-12 12-12h92v-92c0-6.6 5.4-12 12-12h56c6.6 0 12 5.4 12 12v92h92c6.6 0 12 5.4 12 12v56z\"><\/path><\/svg>\t\t\t<\/span>\n\t\t\t\t\t\t\t\t\t<span class=\"elementor-button-text\">M\u00e9s projectes<\/span>\n\t\t\t\t\t<\/span>\n\t\t\t\t\t<\/a>\n\t\t\t\t\t\t\t\t<\/div>\n\t\t\t\t<\/div>\n\t\t\t\t<\/div>\n\t\t","protected":false},"excerpt":{"rendered":"<p>Nova casa molt mediterr\u00e0nia Sitges Una llar renovada amb estil mediterrani A Sanblanch vam dur a terme la reforma integral d\u2019un habitatge a Sitges, transformant una casa amb gran potencial \u2014 per\u00f2 desgastada pel pas del temps \u2014 en una llar moderna, funcional i plena de vida. Una transformaci\u00f3 completa Planta baixa, primera planta i &#8230; <a title=\"Nova casa molt mediterr\u00e0nia\" class=\"read-more\" href=\"https:\/\/sanblanch.com\/ca\/nova-casa-molt-mediterrania\/\" aria-label=\"M\u00e9s informaci\u00f3 sobre Nova casa molt mediterr\u00e0nia\">Read more<\/a><\/p>\n","protected":false},"author":1,"featured_media":0,"parent":0,"menu_order":0,"comment_status":"closed","ping_status":"closed","template":"elementor_header_footer","meta":{"_joinchat":[],"footnotes":""},"class_list":["post-3361","page","type-page","status-publish"],"yoast_head":"<!-- This site is optimized with the Yoast SEO plugin v27.4 - https:\/\/yoast.com\/product\/yoast-seo-wordpress\/ -->\n<title>Nova casa molt mediterr\u00e0nia - Sanblanch<\/title>\n<meta name=\"robots\" content=\"index, follow, max-snippet:-1, max-image-preview:large, max-video-preview:-1\" \/>\n<link rel=\"canonical\" href=\"https:\/\/sanblanch.com\/ca\/nova-casa-molt-mediterrania\/\" \/>\n<meta property=\"og:locale\" content=\"ca_ES\" \/>\n<meta property=\"og:type\" content=\"article\" \/>\n<meta property=\"og:title\" content=\"Nova casa molt mediterr\u00e0nia - Sanblanch\" \/>\n<meta property=\"og:description\" content=\"Nova casa molt mediterr\u00e0nia Sitges Una llar renovada amb estil mediterrani A Sanblanch vam dur a terme la reforma integral d\u2019un habitatge a Sitges, transformant una casa amb gran potencial \u2014 per\u00f2 desgastada pel pas del temps \u2014 en una llar moderna, funcional i plena de vida. Una transformaci\u00f3 completa Planta baixa, primera planta i ... Read more\" \/>\n<meta property=\"og:url\" content=\"https:\/\/sanblanch.com\/ca\/nova-casa-molt-mediterrania\/\" \/>\n<meta property=\"og:site_name\" content=\"Sanblanch\" \/>\n<meta property=\"article:modified_time\" content=\"2026-01-16T10:45:12+00:00\" \/>\n<meta property=\"og:image\" content=\"https:\/\/sanblanch.com\/wp-content\/uploads\/2025\/08\/bano-sitges-1.webp\" \/>\n\t<meta property=\"og:image:width\" content=\"1900\" \/>\n\t<meta property=\"og:image:height\" content=\"1267\" \/>\n\t<meta property=\"og:image:type\" content=\"image\/webp\" \/>\n<meta name=\"twitter:card\" content=\"summary_large_image\" \/>\n<meta name=\"twitter:label1\" content=\"Temps estimat de lectura\" \/>\n\t<meta name=\"twitter:data1\" content=\"2 minuts\" \/>\n<script type=\"application\/ld+json\" class=\"yoast-schema-graph\">{\"@context\":\"https:\\\/\\\/schema.org\",\"@graph\":[{\"@type\":\"WebPage\",\"@id\":\"https:\\\/\\\/sanblanch.com\\\/ca\\\/nova-casa-molt-mediterrania\\\/\",\"url\":\"https:\\\/\\\/sanblanch.com\\\/ca\\\/nova-casa-molt-mediterrania\\\/\",\"name\":\"Nova casa molt mediterr\u00e0nia - Sanblanch\",\"isPartOf\":{\"@id\":\"https:\\\/\\\/sanblanch.com\\\/ca\\\/#website\"},\"primaryImageOfPage\":{\"@id\":\"https:\\\/\\\/sanblanch.com\\\/ca\\\/nova-casa-molt-mediterrania\\\/#primaryimage\"},\"image\":{\"@id\":\"https:\\\/\\\/sanblanch.com\\\/ca\\\/nova-casa-molt-mediterrania\\\/#primaryimage\"},\"thumbnailUrl\":\"https:\\\/\\\/sanblanch.com\\\/wp-content\\\/uploads\\\/2025\\\/08\\\/bano-sitges-1-1024x683.webp\",\"datePublished\":\"2025-08-31T17:02:41+00:00\",\"dateModified\":\"2026-01-16T10:45:12+00:00\",\"breadcrumb\":{\"@id\":\"https:\\\/\\\/sanblanch.com\\\/ca\\\/nova-casa-molt-mediterrania\\\/#breadcrumb\"},\"inLanguage\":\"ca\",\"potentialAction\":[{\"@type\":\"ReadAction\",\"target\":[\"https:\\\/\\\/sanblanch.com\\\/ca\\\/nova-casa-molt-mediterrania\\\/\"]}]},{\"@type\":\"ImageObject\",\"inLanguage\":\"ca\",\"@id\":\"https:\\\/\\\/sanblanch.com\\\/ca\\\/nova-casa-molt-mediterrania\\\/#primaryimage\",\"url\":\"https:\\\/\\\/sanblanch.com\\\/wp-content\\\/uploads\\\/2025\\\/08\\\/bano-sitges-1-1024x683.webp\",\"contentUrl\":\"https:\\\/\\\/sanblanch.com\\\/wp-content\\\/uploads\\\/2025\\\/08\\\/bano-sitges-1-1024x683.webp\"},{\"@type\":\"BreadcrumbList\",\"@id\":\"https:\\\/\\\/sanblanch.com\\\/ca\\\/nova-casa-molt-mediterrania\\\/#breadcrumb\",\"itemListElement\":[{\"@type\":\"ListItem\",\"position\":1,\"name\":\"Portada\",\"item\":\"https:\\\/\\\/sanblanch.com\\\/ca\\\/\"},{\"@type\":\"ListItem\",\"position\":2,\"name\":\"Nova casa molt mediterr\u00e0nia\"}]},{\"@type\":\"WebSite\",\"@id\":\"https:\\\/\\\/sanblanch.com\\\/ca\\\/#website\",\"url\":\"https:\\\/\\\/sanblanch.com\\\/ca\\\/\",\"name\":\"Sanblanch\",\"description\":\"Reformas e interiorismo Vilanova i la Geltru, Sitges, Garraf\",\"publisher\":{\"@id\":\"https:\\\/\\\/sanblanch.com\\\/ca\\\/#organization\"},\"potentialAction\":[{\"@type\":\"SearchAction\",\"target\":{\"@type\":\"EntryPoint\",\"urlTemplate\":\"https:\\\/\\\/sanblanch.com\\\/ca\\\/?s={search_term_string}\"},\"query-input\":{\"@type\":\"PropertyValueSpecification\",\"valueRequired\":true,\"valueName\":\"search_term_string\"}}],\"inLanguage\":\"ca\"},{\"@type\":\"Organization\",\"@id\":\"https:\\\/\\\/sanblanch.com\\\/ca\\\/#organization\",\"name\":\"Sanblanch\",\"url\":\"https:\\\/\\\/sanblanch.com\\\/ca\\\/\",\"logo\":{\"@type\":\"ImageObject\",\"inLanguage\":\"ca\",\"@id\":\"https:\\\/\\\/sanblanch.com\\\/ca\\\/#\\\/schema\\\/logo\\\/image\\\/\",\"url\":\"https:\\\/\\\/sanblanch.com\\\/wp-content\\\/uploads\\\/2025\\\/08\\\/Logo-H-Soluciones-para-el-hogar-Blanco-y-negro.webp\",\"contentUrl\":\"https:\\\/\\\/sanblanch.com\\\/wp-content\\\/uploads\\\/2025\\\/08\\\/Logo-H-Soluciones-para-el-hogar-Blanco-y-negro.webp\",\"width\":800,\"height\":329,\"caption\":\"Sanblanch\"},\"image\":{\"@id\":\"https:\\\/\\\/sanblanch.com\\\/ca\\\/#\\\/schema\\\/logo\\\/image\\\/\"},\"sameAs\":[\"https:\\\/\\\/www.instagram.com\\\/sanblanch\\\/?hl=es\"]}]}<\/script>\n<!-- \/ Yoast SEO plugin. -->","yoast_head_json":{"title":"Nova casa molt mediterr\u00e0nia - Sanblanch","robots":{"index":"index","follow":"follow","max-snippet":"max-snippet:-1","max-image-preview":"max-image-preview:large","max-video-preview":"max-video-preview:-1"},"canonical":"https:\/\/sanblanch.com\/ca\/nova-casa-molt-mediterrania\/","og_locale":"ca_ES","og_type":"article","og_title":"Nova casa molt mediterr\u00e0nia - Sanblanch","og_description":"Nova casa molt mediterr\u00e0nia Sitges Una llar renovada amb estil mediterrani A Sanblanch vam dur a terme la reforma integral d\u2019un habitatge a Sitges, transformant una casa amb gran potencial \u2014 per\u00f2 desgastada pel pas del temps \u2014 en una llar moderna, funcional i plena de vida. Una transformaci\u00f3 completa Planta baixa, primera planta i ... Read more","og_url":"https:\/\/sanblanch.com\/ca\/nova-casa-molt-mediterrania\/","og_site_name":"Sanblanch","article_modified_time":"2026-01-16T10:45:12+00:00","og_image":[{"width":1900,"height":1267,"url":"https:\/\/sanblanch.com\/wp-content\/uploads\/2025\/08\/bano-sitges-1.webp","type":"image\/webp"}],"twitter_card":"summary_large_image","twitter_misc":{"Temps estimat de lectura":"2 minuts"},"schema":{"@context":"https:\/\/schema.org","@graph":[{"@type":"WebPage","@id":"https:\/\/sanblanch.com\/ca\/nova-casa-molt-mediterrania\/","url":"https:\/\/sanblanch.com\/ca\/nova-casa-molt-mediterrania\/","name":"Nova casa molt mediterr\u00e0nia - Sanblanch","isPartOf":{"@id":"https:\/\/sanblanch.com\/ca\/#website"},"primaryImageOfPage":{"@id":"https:\/\/sanblanch.com\/ca\/nova-casa-molt-mediterrania\/#primaryimage"},"image":{"@id":"https:\/\/sanblanch.com\/ca\/nova-casa-molt-mediterrania\/#primaryimage"},"thumbnailUrl":"https:\/\/sanblanch.com\/wp-content\/uploads\/2025\/08\/bano-sitges-1-1024x683.webp","datePublished":"2025-08-31T17:02:41+00:00","dateModified":"2026-01-16T10:45:12+00:00","breadcrumb":{"@id":"https:\/\/sanblanch.com\/ca\/nova-casa-molt-mediterrania\/#breadcrumb"},"inLanguage":"ca","potentialAction":[{"@type":"ReadAction","target":["https:\/\/sanblanch.com\/ca\/nova-casa-molt-mediterrania\/"]}]},{"@type":"ImageObject","inLanguage":"ca","@id":"https:\/\/sanblanch.com\/ca\/nova-casa-molt-mediterrania\/#primaryimage","url":"https:\/\/sanblanch.com\/wp-content\/uploads\/2025\/08\/bano-sitges-1-1024x683.webp","contentUrl":"https:\/\/sanblanch.com\/wp-content\/uploads\/2025\/08\/bano-sitges-1-1024x683.webp"},{"@type":"BreadcrumbList","@id":"https:\/\/sanblanch.com\/ca\/nova-casa-molt-mediterrania\/#breadcrumb","itemListElement":[{"@type":"ListItem","position":1,"name":"Portada","item":"https:\/\/sanblanch.com\/ca\/"},{"@type":"ListItem","position":2,"name":"Nova casa molt mediterr\u00e0nia"}]},{"@type":"WebSite","@id":"https:\/\/sanblanch.com\/ca\/#website","url":"https:\/\/sanblanch.com\/ca\/","name":"Sanblanch","description":"Reformas e interiorismo Vilanova i la Geltru, Sitges, Garraf","publisher":{"@id":"https:\/\/sanblanch.com\/ca\/#organization"},"potentialAction":[{"@type":"SearchAction","target":{"@type":"EntryPoint","urlTemplate":"https:\/\/sanblanch.com\/ca\/?s={search_term_string}"},"query-input":{"@type":"PropertyValueSpecification","valueRequired":true,"valueName":"search_term_string"}}],"inLanguage":"ca"},{"@type":"Organization","@id":"https:\/\/sanblanch.com\/ca\/#organization","name":"Sanblanch","url":"https:\/\/sanblanch.com\/ca\/","logo":{"@type":"ImageObject","inLanguage":"ca","@id":"https:\/\/sanblanch.com\/ca\/#\/schema\/logo\/image\/","url":"https:\/\/sanblanch.com\/wp-content\/uploads\/2025\/08\/Logo-H-Soluciones-para-el-hogar-Blanco-y-negro.webp","contentUrl":"https:\/\/sanblanch.com\/wp-content\/uploads\/2025\/08\/Logo-H-Soluciones-para-el-hogar-Blanco-y-negro.webp","width":800,"height":329,"caption":"Sanblanch"},"image":{"@id":"https:\/\/sanblanch.com\/ca\/#\/schema\/logo\/image\/"},"sameAs":["https:\/\/www.instagram.com\/sanblanch\/?hl=es"]}]}},"_links":{"self":[{"href":"https:\/\/sanblanch.com\/ca\/wp-json\/wp\/v2\/pages\/3361","targetHints":{"allow":["GET"]}}],"collection":[{"href":"https:\/\/sanblanch.com\/ca\/wp-json\/wp\/v2\/pages"}],"about":[{"href":"https:\/\/sanblanch.com\/ca\/wp-json\/wp\/v2\/types\/page"}],"author":[{"embeddable":true,"href":"https:\/\/sanblanch.com\/ca\/wp-json\/wp\/v2\/users\/1"}],"replies":[{"embeddable":true,"href":"https:\/\/sanblanch.com\/ca\/wp-json\/wp\/v2\/comments?post=3361"}],"version-history":[{"count":5,"href":"https:\/\/sanblanch.com\/ca\/wp-json\/wp\/v2\/pages\/3361\/revisions"}],"predecessor-version":[{"id":3734,"href":"https:\/\/sanblanch.com\/ca\/wp-json\/wp\/v2\/pages\/3361\/revisions\/3734"}],"wp:attachment":[{"href":"https:\/\/sanblanch.com\/ca\/wp-json\/wp\/v2\/media?parent=3361"}],"curies":[{"name":"wp","href":"https:\/\/api.w.org\/{rel}","templated":true}]}}