{"id":3359,"date":"2025-09-06T11:12:15","date_gmt":"2025-09-06T11:12:15","guid":{"rendered":"https:\/\/sanblanch.com\/salo-i-cuina-integrats\/"},"modified":"2026-01-16T10:54:22","modified_gmt":"2026-01-16T10:54:22","slug":"salo-i-cuina-integrats","status":"publish","type":"page","link":"https:\/\/sanblanch.com\/ca\/salo-i-cuina-integrats\/","title":{"rendered":"Sal\u00f3 i cuina integrats"},"content":{"rendered":"\t\t<div data-elementor-type=\"wp-page\" data-elementor-id=\"3359\" class=\"elementor elementor-3359 elementor-2787\" data-elementor-post-type=\"page\">\n\t\t\t\t<div class=\"elementor-element elementor-element-2a555bac e-flex e-con-boxed e-con e-parent\" data-id=\"2a555bac\" data-element_type=\"container\" data-e-type=\"container\" data-settings=\"{&quot;background_background&quot;:&quot;classic&quot;}\">\n\t\t\t\t\t<div class=\"e-con-inner\">\n\t\t\t\t<div class=\"elementor-element elementor-element-439639ef elementor-widget elementor-widget-heading\" data-id=\"439639ef\" data-element_type=\"widget\" data-e-type=\"widget\" data-widget_type=\"heading.default\">\n\t\t\t\t\t<h1 class=\"elementor-heading-title elementor-size-default\">Sal\u00f3 i cuina integrats<\/h1>\t\t\t\t<\/div>\n\t\t\t\t<div class=\"elementor-element elementor-element-66937ebb elementor-widget elementor-widget-text-editor\" data-id=\"66937ebb\" data-element_type=\"widget\" data-e-type=\"widget\" data-widget_type=\"text-editor.default\">\n\t\t\t\t\t\t\t\t\t<p>Sant Pere de Ribes<\/p>\t\t\t\t\t\t\t\t<\/div>\n\t\t\t\t\t<\/div>\n\t\t\t\t<\/div>\n\t\t<div class=\"elementor-element elementor-element-2bea6d56 e-con-full e-flex e-con e-parent\" data-id=\"2bea6d56\" data-element_type=\"container\" data-e-type=\"container\">\n\t\t\t\t<\/div>\n\t\t<div class=\"elementor-element elementor-element-175aa572 e-con-full elementor-hidden-tablet e-flex e-con e-parent\" data-id=\"175aa572\" data-element_type=\"container\" data-e-type=\"container\">\n\t\t<div class=\"elementor-element elementor-element-3dd4acea e-con-full e-flex e-con e-child\" data-id=\"3dd4acea\" data-element_type=\"container\" data-e-type=\"container\">\n\t\t\t\t<div class=\"elementor-element elementor-element-5622a41a elementor-widget elementor-widget-heading\" data-id=\"5622a41a\" data-element_type=\"widget\" data-e-type=\"widget\" data-widget_type=\"heading.default\">\n\t\t\t\t\t<h2 class=\"elementor-heading-title elementor-size-default\">Amplitud i disseny en un mateix espai<\/h2>\t\t\t\t<\/div>\n\t\t\t\t<div class=\"elementor-element elementor-element-7df69dbc elementor-widget elementor-widget-text-editor\" data-id=\"7df69dbc\" data-element_type=\"widget\" data-e-type=\"widget\" data-widget_type=\"text-editor.default\">\n\t\t\t\t\t\t\t\t\t<p data-start=\"406\" data-end=\"639\">A Sanblanch vam dur a terme aquesta reforma integral amb un objectiu principal: integrar la cuina i el sal\u00f3 en un \u00fanic espai coherent. El nostre prop\u00f2sit era transformar una zona compartimentada en una llar moderna, lluminosa i funcional. <\/p><h3 data-start=\"641\" data-end=\"679\">Un projecte d\u2019integraci\u00f3 total<\/h3><p data-start=\"680\" data-end=\"946\">Vam eliminar les parets que separaven la cuina del sal\u00f3 per donar lloc a un ambient obert i connectat, perfecte per gaudir en fam\u00edlia o amb amics. Aquesta obertura permet que la llum natural flueixi amb m\u00e9s facilitat, potenciant la sensaci\u00f3 d\u2019amplitud. <\/p><h3 data-start=\"948\" data-end=\"992\">Materials pensats per a cada ambient<\/h3><p data-start=\"993\" data-end=\"1246\">Vam dissenyar una combinaci\u00f3 pr\u00e0ctica i est\u00e8tica: parquet a la zona del menjador per aportar calidesa i un ambient acollidor, combinat amb cer\u00e0mica a la cuina, resistent i f\u00e0cil de mantenir. Una barreja que garanteix confort, funcionalitat i estil. <\/p>\t\t\t\t\t\t\t\t<\/div>\n\t\t\t\t<\/div>\n\t\t\t\t<div class=\"elementor-element elementor-element-34eb763e elementor-widget elementor-widget-image\" data-id=\"34eb763e\" data-element_type=\"widget\" data-e-type=\"widget\" data-widget_type=\"image.default\">\n\t\t\t\t\t\t\t\t\t\t\t\t\t\t\t<img fetchpriority=\"high\" decoding=\"async\" width=\"770\" height=\"578\" src=\"https:\/\/sanblanch.com\/wp-content\/uploads\/2025\/09\/Cocina-madera-1-1024x768.webp\" class=\"attachment-large size-large wp-image-2780\" alt=\"\" srcset=\"https:\/\/sanblanch.com\/wp-content\/uploads\/2025\/09\/Cocina-madera-1-1024x768.webp 1024w, https:\/\/sanblanch.com\/wp-content\/uploads\/2025\/09\/Cocina-madera-1-300x225.webp 300w, https:\/\/sanblanch.com\/wp-content\/uploads\/2025\/09\/Cocina-madera-1-768x576.webp 768w, https:\/\/sanblanch.com\/wp-content\/uploads\/2025\/09\/Cocina-madera-1-1536x1152.webp 1536w, https:\/\/sanblanch.com\/wp-content\/uploads\/2025\/09\/Cocina-madera-1.webp 1600w\" sizes=\"(max-width: 770px) 100vw, 770px\" \/>\t\t\t\t\t\t\t\t\t\t\t\t\t\t\t<\/div>\n\t\t\t\t<\/div>\n\t\t<div class=\"elementor-element elementor-element-aabc25e e-con-full elementor-hidden-desktop elementor-hidden-mobile e-flex e-con e-parent\" data-id=\"aabc25e\" data-element_type=\"container\" data-e-type=\"container\">\n\t\t<div class=\"elementor-element elementor-element-42d1f77 e-flex e-con-boxed e-con e-child\" data-id=\"42d1f77\" data-element_type=\"container\" data-e-type=\"container\">\n\t\t\t\t\t<div class=\"e-con-inner\">\n\t\t\t\t<div class=\"elementor-element elementor-element-ef60820 elementor-widget elementor-widget-heading\" data-id=\"ef60820\" data-element_type=\"widget\" data-e-type=\"widget\" data-widget_type=\"heading.default\">\n\t\t\t\t\t<h2 class=\"elementor-heading-title elementor-size-default\">Amplitud i disseny en un mateix espai<\/h2>\t\t\t\t<\/div>\n\t\t\t\t<div class=\"elementor-element elementor-element-8a3c463 elementor-widget elementor-widget-image\" data-id=\"8a3c463\" data-element_type=\"widget\" data-e-type=\"widget\" data-widget_type=\"image.default\">\n\t\t\t\t\t\t\t\t\t\t\t\t\t\t\t<img fetchpriority=\"high\" decoding=\"async\" width=\"770\" height=\"578\" src=\"https:\/\/sanblanch.com\/wp-content\/uploads\/2025\/09\/Cocina-madera-1-1024x768.webp\" class=\"attachment-large size-large wp-image-2780\" alt=\"\" srcset=\"https:\/\/sanblanch.com\/wp-content\/uploads\/2025\/09\/Cocina-madera-1-1024x768.webp 1024w, https:\/\/sanblanch.com\/wp-content\/uploads\/2025\/09\/Cocina-madera-1-300x225.webp 300w, https:\/\/sanblanch.com\/wp-content\/uploads\/2025\/09\/Cocina-madera-1-768x576.webp 768w, https:\/\/sanblanch.com\/wp-content\/uploads\/2025\/09\/Cocina-madera-1-1536x1152.webp 1536w, https:\/\/sanblanch.com\/wp-content\/uploads\/2025\/09\/Cocina-madera-1.webp 1600w\" sizes=\"(max-width: 770px) 100vw, 770px\" \/>\t\t\t\t\t\t\t\t\t\t\t\t\t\t\t<\/div>\n\t\t\t\t<div class=\"elementor-element elementor-element-7c2a7ba elementor-widget elementor-widget-text-editor\" data-id=\"7c2a7ba\" data-element_type=\"widget\" data-e-type=\"widget\" data-widget_type=\"text-editor.default\">\n\t\t\t\t\t\t\t\t\t<p data-start=\"406\" data-end=\"639\">A Sanblanch vam dur a terme aquesta reforma integral amb un objectiu principal: integrar la cuina i el sal\u00f3 en un \u00fanic espai coherent. El nostre prop\u00f2sit era transformar una zona compartimentada en una llar moderna, lluminosa i funcional.<br> <\/p><h3 data-start=\"641\" data-end=\"679\">Un projecte d\u2019integraci\u00f3 total<\/h3><p data-start=\"680\" data-end=\"946\">Vam eliminar les parets que separaven la cuina del sal\u00f3 per donar lloc a un ambient obert i connectat, perfecte per gaudir en fam\u00edlia o amb amics. Aquesta obertura permet que la llum natural flueixi amb m\u00e9s facilitat, potenciant la sensaci\u00f3 d\u2019amplitud. <\/p><h3 data-start=\"948\" data-end=\"992\">Materials pensats per a cada ambient<\/h3><p data-start=\"993\" data-end=\"1246\">Vam dissenyar una combinaci\u00f3 pr\u00e0ctica i est\u00e8tica: parquet a la zona del menjador per aportar calidesa i un ambient acollidor, combinat amb cer\u00e0mica a la cuina, resistent i f\u00e0cil de mantenir. Una barreja que garanteix confort, funcionalitat i estil. <\/p>\t\t\t\t\t\t\t\t<\/div>\n\t\t\t\t\t<\/div>\n\t\t\t\t<\/div>\n\t\t\t\t<\/div>\n\t\t<div class=\"elementor-element elementor-element-3e35807a e-con-full e-flex e-con e-parent\" data-id=\"3e35807a\" data-element_type=\"container\" data-e-type=\"container\">\n\t\t\t\t<div class=\"elementor-element elementor-element-775f414e elementor-widget elementor-widget-gallery\" data-id=\"775f414e\" data-element_type=\"widget\" data-e-type=\"widget\" data-settings=\"{&quot;columns&quot;:2,&quot;gap&quot;:{&quot;unit&quot;:&quot;px&quot;,&quot;size&quot;:14,&quot;sizes&quot;:[]},&quot;lazyload&quot;:&quot;yes&quot;,&quot;gallery_layout&quot;:&quot;grid&quot;,&quot;columns_tablet&quot;:2,&quot;columns_mobile&quot;:1,&quot;gap_tablet&quot;:{&quot;unit&quot;:&quot;px&quot;,&quot;size&quot;:10,&quot;sizes&quot;:[]},&quot;gap_mobile&quot;:{&quot;unit&quot;:&quot;px&quot;,&quot;size&quot;:10,&quot;sizes&quot;:[]},&quot;link_to&quot;:&quot;file&quot;,&quot;aspect_ratio&quot;:&quot;3:2&quot;,&quot;overlay_background&quot;:&quot;yes&quot;,&quot;content_hover_animation&quot;:&quot;fade-in&quot;}\" data-widget_type=\"gallery.default\">\n\t\t\t\t\t\t\t<div class=\"elementor-gallery__container\">\n\t\t\t\t\t\t\t<a class=\"e-gallery-item elementor-gallery-item elementor-animated-content\" href=\"https:\/\/sanblanch.com\/wp-content\/uploads\/2025\/09\/Cocina-antes.webp\" data-elementor-open-lightbox=\"yes\" data-elementor-lightbox-slideshow=\"775f414e\" data-elementor-lightbox-title=\"Cocina antes\" data-e-action-hash=\"#elementor-action%3Aaction%3Dlightbox%26settings%3DeyJpZCI6Mjc5MCwidXJsIjoiaHR0cHM6XC9cL3NhbmJsYW5jaC5jb21cL3dwLWNvbnRlbnRcL3VwbG9hZHNcLzIwMjVcLzA5XC9Db2NpbmEtYW50ZXMud2VicCIsInNsaWRlc2hvdyI6Ijc3NWY0MTRlIn0%3D\">\n\t\t\t\t\t<div class=\"e-gallery-image elementor-gallery-item__image\" data-thumbnail=\"https:\/\/sanblanch.com\/wp-content\/uploads\/2025\/09\/Cocina-antes.webp\" data-width=\"1200\" data-height=\"1600\" aria-label=\"\" role=\"img\" ><\/div>\n\t\t\t\t\t\t\t\t\t\t\t<div class=\"elementor-gallery-item__overlay\"><\/div>\n\t\t\t\t\t\t\t\t\t\t\t\t\t\t<\/a>\n\t\t\t\t\t\t\t<a class=\"e-gallery-item elementor-gallery-item elementor-animated-content\" href=\"https:\/\/sanblanch.com\/wp-content\/uploads\/2025\/09\/Antes-salon.webp\" data-elementor-open-lightbox=\"yes\" data-elementor-lightbox-slideshow=\"775f414e\" data-elementor-lightbox-title=\"Antes sal\u00f3n\" data-e-action-hash=\"#elementor-action%3Aaction%3Dlightbox%26settings%3DeyJpZCI6Mjc5NiwidXJsIjoiaHR0cHM6XC9cL3NhbmJsYW5jaC5jb21cL3dwLWNvbnRlbnRcL3VwbG9hZHNcLzIwMjVcLzA5XC9BbnRlcy1zYWxvbi53ZWJwIiwic2xpZGVzaG93IjoiNzc1ZjQxNGUifQ%3D%3D\">\n\t\t\t\t\t<div class=\"e-gallery-image elementor-gallery-item__image\" data-thumbnail=\"https:\/\/sanblanch.com\/wp-content\/uploads\/2025\/09\/Antes-salon.webp\" data-width=\"1600\" data-height=\"1200\" aria-label=\"\" role=\"img\" ><\/div>\n\t\t\t\t\t\t\t\t\t\t\t<div class=\"elementor-gallery-item__overlay\"><\/div>\n\t\t\t\t\t\t\t\t\t\t\t\t\t\t<\/a>\n\t\t\t\t\t\t\t<a class=\"e-gallery-item elementor-gallery-item elementor-animated-content\" href=\"https:\/\/sanblanch.com\/wp-content\/uploads\/2025\/09\/Detalle-cocina-final.webp\" data-elementor-open-lightbox=\"yes\" data-elementor-lightbox-slideshow=\"775f414e\" data-elementor-lightbox-title=\"Detalle cocina final\" data-e-action-hash=\"#elementor-action%3Aaction%3Dlightbox%26settings%3DeyJpZCI6Mjc5MywidXJsIjoiaHR0cHM6XC9cL3NhbmJsYW5jaC5jb21cL3dwLWNvbnRlbnRcL3VwbG9hZHNcLzIwMjVcLzA5XC9EZXRhbGxlLWNvY2luYS1maW5hbC53ZWJwIiwic2xpZGVzaG93IjoiNzc1ZjQxNGUifQ%3D%3D\">\n\t\t\t\t\t<div class=\"e-gallery-image elementor-gallery-item__image\" data-thumbnail=\"https:\/\/sanblanch.com\/wp-content\/uploads\/2025\/09\/Detalle-cocina-final.webp\" data-width=\"1600\" data-height=\"1200\" aria-label=\"\" role=\"img\" ><\/div>\n\t\t\t\t\t\t\t\t\t\t\t<div class=\"elementor-gallery-item__overlay\"><\/div>\n\t\t\t\t\t\t\t\t\t\t\t\t\t\t<\/a>\n\t\t\t\t\t\t\t<a class=\"e-gallery-item elementor-gallery-item elementor-animated-content\" href=\"https:\/\/sanblanch.com\/wp-content\/uploads\/2025\/09\/Salon-integrado.webp\" data-elementor-open-lightbox=\"yes\" data-elementor-lightbox-slideshow=\"775f414e\" data-elementor-lightbox-title=\"Sal\u00f3n integrado\" data-e-action-hash=\"#elementor-action%3Aaction%3Dlightbox%26settings%3DeyJpZCI6MjgwMiwidXJsIjoiaHR0cHM6XC9cL3NhbmJsYW5jaC5jb21cL3dwLWNvbnRlbnRcL3VwbG9hZHNcLzIwMjVcLzA5XC9TYWxvbi1pbnRlZ3JhZG8ud2VicCIsInNsaWRlc2hvdyI6Ijc3NWY0MTRlIn0%3D\">\n\t\t\t\t\t<div class=\"e-gallery-image elementor-gallery-item__image\" data-thumbnail=\"https:\/\/sanblanch.com\/wp-content\/uploads\/2025\/09\/Salon-integrado.webp\" data-width=\"1080\" data-height=\"582\" aria-label=\"\" role=\"img\" ><\/div>\n\t\t\t\t\t\t\t\t\t\t\t<div class=\"elementor-gallery-item__overlay\"><\/div>\n\t\t\t\t\t\t\t\t\t\t\t\t\t\t<\/a>\n\t\t\t\t\t<\/div>\n\t\t\t\t\t<\/div>\n\t\t\t\t<\/div>\n\t\t<div class=\"elementor-element elementor-element-7e162503 e-con-full e-flex e-con e-parent\" data-id=\"7e162503\" data-element_type=\"container\" data-e-type=\"container\" data-settings=\"{&quot;background_background&quot;:&quot;classic&quot;}\">\n\t\t\t\t<div class=\"elementor-element elementor-element-71bd6676 elementor-widget elementor-widget-text-editor\" data-id=\"71bd6676\" data-element_type=\"widget\" data-e-type=\"widget\" data-widget_type=\"text-editor.default\">\n\t\t\t\t\t\t\t\t\t<h3 data-start=\"1248\" data-end=\"1278\">Abans, durant i despr\u00e9s<\/h3><p data-start=\"1279\" data-end=\"1495\">Mostrem amb orgull cada fase de l\u2019obra: des de la distribuci\u00f3 original fins al resultat final. Aquesta reforma reflecteix l\u2019atenci\u00f3 al detall i la dedicaci\u00f3 amb qu\u00e8 treballem cada projecte a Sanblanch. <\/p><p data-start=\"1497\" data-end=\"1767\">\ud83d\udc49 Si est\u00e0s pensant en una reforma integral amb cuina oberta a <strong data-start=\"1525\" data-end=\"1608\">Sitges, Vilanova i la Geltr\u00fa o Barcelona<\/strong>, descobreix com treballem les nostres <strong data-start=\"1645\" data-end=\"1668\"><a class=\"decorated-link cursor-pointer\" href=\"https:\/\/sanblanch.com\/ca\/reformes-integrals\/\" target=\"_new\" rel=\"noopener\" data-start=\"1644\" data-end=\"1716\">reformes integrals<\/a> <\/strong>i fes el primer pas cap a la llar que imagines.<\/p>\t\t\t\t\t\t\t\t<\/div>\n\t\t\t\t<div class=\"elementor-element elementor-element-6b809ad9 elementor-align-center elementor-mobile-align-center elementor-invisible elementor-widget elementor-widget-button\" data-id=\"6b809ad9\" data-element_type=\"widget\" data-e-type=\"widget\" data-settings=\"{&quot;motion_fx_motion_fx_mouse&quot;:&quot;yes&quot;,&quot;_animation&quot;:&quot;bounce&quot;}\" data-widget_type=\"button.default\">\n\t\t\t\t\t\t\t\t\t\t<a class=\"elementor-button elementor-button-link elementor-size-sm\" href=\"https:\/\/sanblanch.com\/ca\/projectes\/\">\n\t\t\t\t\t\t<span class=\"elementor-button-content-wrapper\">\n\t\t\t\t\t\t<span class=\"elementor-button-icon\">\n\t\t\t\t<svg aria-hidden=\"true\" class=\"e-font-icon-svg e-fas-plus-circle\" viewBox=\"0 0 512 512\" xmlns=\"http:\/\/www.w3.org\/2000\/svg\"><path d=\"M256 8C119 8 8 119 8 256s111 248 248 248 248-111 248-248S393 8 256 8zm144 276c0 6.6-5.4 12-12 12h-92v92c0 6.6-5.4 12-12 12h-56c-6.6 0-12-5.4-12-12v-92h-92c-6.6 0-12-5.4-12-12v-56c0-6.6 5.4-12 12-12h92v-92c0-6.6 5.4-12 12-12h56c6.6 0 12 5.4 12 12v92h92c6.6 0 12 5.4 12 12v56z\"><\/path><\/svg>\t\t\t<\/span>\n\t\t\t\t\t\t\t\t\t<span class=\"elementor-button-text\">M\u00e9s projectes<\/span>\n\t\t\t\t\t<\/span>\n\t\t\t\t\t<\/a>\n\t\t\t\t\t\t\t\t<\/div>\n\t\t\t\t<\/div>\n\t\t\t\t<\/div>\n\t\t","protected":false},"excerpt":{"rendered":"<p>Sal\u00f3 i cuina integrats Sant Pere de Ribes Amplitud i disseny en un mateix espai A Sanblanch vam dur a terme aquesta reforma integral amb un objectiu principal: integrar la cuina i el sal\u00f3 en un \u00fanic espai coherent. El nostre prop\u00f2sit era transformar una zona compartimentada en una llar moderna, lluminosa i funcional. Un &#8230; <a title=\"Sal\u00f3 i cuina integrats\" class=\"read-more\" href=\"https:\/\/sanblanch.com\/ca\/salo-i-cuina-integrats\/\" aria-label=\"M\u00e9s informaci\u00f3 sobre Sal\u00f3 i cuina integrats\">Read more<\/a><\/p>\n","protected":false},"author":1,"featured_media":0,"parent":0,"menu_order":0,"comment_status":"closed","ping_status":"closed","template":"elementor_header_footer","meta":{"_joinchat":[],"footnotes":""},"class_list":["post-3359","page","type-page","status-publish"],"yoast_head":"<!-- This site is optimized with the Yoast SEO plugin v27.4 - https:\/\/yoast.com\/product\/yoast-seo-wordpress\/ -->\n<title>Sal\u00f3 i cuina integrats - Sanblanch<\/title>\n<meta name=\"robots\" content=\"index, follow, max-snippet:-1, max-image-preview:large, max-video-preview:-1\" \/>\n<link rel=\"canonical\" href=\"https:\/\/sanblanch.com\/ca\/salo-i-cuina-integrats\/\" \/>\n<meta property=\"og:locale\" content=\"ca_ES\" \/>\n<meta property=\"og:type\" content=\"article\" \/>\n<meta property=\"og:title\" content=\"Sal\u00f3 i cuina integrats - Sanblanch\" \/>\n<meta property=\"og:description\" content=\"Sal\u00f3 i cuina integrats Sant Pere de Ribes Amplitud i disseny en un mateix espai A Sanblanch vam dur a terme aquesta reforma integral amb un objectiu principal: integrar la cuina i el sal\u00f3 en un \u00fanic espai coherent. El nostre prop\u00f2sit era transformar una zona compartimentada en una llar moderna, lluminosa i funcional. Un ... Read more\" \/>\n<meta property=\"og:url\" content=\"https:\/\/sanblanch.com\/ca\/salo-i-cuina-integrats\/\" \/>\n<meta property=\"og:site_name\" content=\"Sanblanch\" \/>\n<meta property=\"article:modified_time\" content=\"2026-01-16T10:54:22+00:00\" \/>\n<meta property=\"og:image\" content=\"https:\/\/sanblanch.com\/wp-content\/uploads\/2025\/09\/Cocina-madera-1.webp\" \/>\n\t<meta property=\"og:image:width\" content=\"1600\" \/>\n\t<meta property=\"og:image:height\" content=\"1200\" \/>\n\t<meta property=\"og:image:type\" content=\"image\/webp\" \/>\n<meta name=\"twitter:card\" content=\"summary_large_image\" \/>\n<meta name=\"twitter:label1\" content=\"Temps estimat de lectura\" \/>\n\t<meta name=\"twitter:data1\" content=\"3 minuts\" \/>\n<script type=\"application\/ld+json\" class=\"yoast-schema-graph\">{\"@context\":\"https:\\\/\\\/schema.org\",\"@graph\":[{\"@type\":\"WebPage\",\"@id\":\"https:\\\/\\\/sanblanch.com\\\/ca\\\/salo-i-cuina-integrats\\\/\",\"url\":\"https:\\\/\\\/sanblanch.com\\\/ca\\\/salo-i-cuina-integrats\\\/\",\"name\":\"Sal\u00f3 i cuina integrats - Sanblanch\",\"isPartOf\":{\"@id\":\"https:\\\/\\\/sanblanch.com\\\/ca\\\/#website\"},\"primaryImageOfPage\":{\"@id\":\"https:\\\/\\\/sanblanch.com\\\/ca\\\/salo-i-cuina-integrats\\\/#primaryimage\"},\"image\":{\"@id\":\"https:\\\/\\\/sanblanch.com\\\/ca\\\/salo-i-cuina-integrats\\\/#primaryimage\"},\"thumbnailUrl\":\"https:\\\/\\\/sanblanch.com\\\/wp-content\\\/uploads\\\/2025\\\/09\\\/Cocina-madera-1-1024x768.webp\",\"datePublished\":\"2025-09-06T11:12:15+00:00\",\"dateModified\":\"2026-01-16T10:54:22+00:00\",\"breadcrumb\":{\"@id\":\"https:\\\/\\\/sanblanch.com\\\/ca\\\/salo-i-cuina-integrats\\\/#breadcrumb\"},\"inLanguage\":\"ca\",\"potentialAction\":[{\"@type\":\"ReadAction\",\"target\":[\"https:\\\/\\\/sanblanch.com\\\/ca\\\/salo-i-cuina-integrats\\\/\"]}]},{\"@type\":\"ImageObject\",\"inLanguage\":\"ca\",\"@id\":\"https:\\\/\\\/sanblanch.com\\\/ca\\\/salo-i-cuina-integrats\\\/#primaryimage\",\"url\":\"https:\\\/\\\/sanblanch.com\\\/wp-content\\\/uploads\\\/2025\\\/09\\\/Cocina-madera-1-1024x768.webp\",\"contentUrl\":\"https:\\\/\\\/sanblanch.com\\\/wp-content\\\/uploads\\\/2025\\\/09\\\/Cocina-madera-1-1024x768.webp\"},{\"@type\":\"BreadcrumbList\",\"@id\":\"https:\\\/\\\/sanblanch.com\\\/ca\\\/salo-i-cuina-integrats\\\/#breadcrumb\",\"itemListElement\":[{\"@type\":\"ListItem\",\"position\":1,\"name\":\"Portada\",\"item\":\"https:\\\/\\\/sanblanch.com\\\/ca\\\/\"},{\"@type\":\"ListItem\",\"position\":2,\"name\":\"Sal\u00f3 i cuina integrats\"}]},{\"@type\":\"WebSite\",\"@id\":\"https:\\\/\\\/sanblanch.com\\\/ca\\\/#website\",\"url\":\"https:\\\/\\\/sanblanch.com\\\/ca\\\/\",\"name\":\"Sanblanch\",\"description\":\"Reformas e interiorismo Vilanova i la Geltru, Sitges, Garraf\",\"publisher\":{\"@id\":\"https:\\\/\\\/sanblanch.com\\\/ca\\\/#organization\"},\"potentialAction\":[{\"@type\":\"SearchAction\",\"target\":{\"@type\":\"EntryPoint\",\"urlTemplate\":\"https:\\\/\\\/sanblanch.com\\\/ca\\\/?s={search_term_string}\"},\"query-input\":{\"@type\":\"PropertyValueSpecification\",\"valueRequired\":true,\"valueName\":\"search_term_string\"}}],\"inLanguage\":\"ca\"},{\"@type\":\"Organization\",\"@id\":\"https:\\\/\\\/sanblanch.com\\\/ca\\\/#organization\",\"name\":\"Sanblanch\",\"url\":\"https:\\\/\\\/sanblanch.com\\\/ca\\\/\",\"logo\":{\"@type\":\"ImageObject\",\"inLanguage\":\"ca\",\"@id\":\"https:\\\/\\\/sanblanch.com\\\/ca\\\/#\\\/schema\\\/logo\\\/image\\\/\",\"url\":\"https:\\\/\\\/sanblanch.com\\\/wp-content\\\/uploads\\\/2025\\\/08\\\/Logo-H-Soluciones-para-el-hogar-Blanco-y-negro.webp\",\"contentUrl\":\"https:\\\/\\\/sanblanch.com\\\/wp-content\\\/uploads\\\/2025\\\/08\\\/Logo-H-Soluciones-para-el-hogar-Blanco-y-negro.webp\",\"width\":800,\"height\":329,\"caption\":\"Sanblanch\"},\"image\":{\"@id\":\"https:\\\/\\\/sanblanch.com\\\/ca\\\/#\\\/schema\\\/logo\\\/image\\\/\"},\"sameAs\":[\"https:\\\/\\\/www.instagram.com\\\/sanblanch\\\/?hl=es\"]}]}<\/script>\n<!-- \/ Yoast SEO plugin. -->","yoast_head_json":{"title":"Sal\u00f3 i cuina integrats - Sanblanch","robots":{"index":"index","follow":"follow","max-snippet":"max-snippet:-1","max-image-preview":"max-image-preview:large","max-video-preview":"max-video-preview:-1"},"canonical":"https:\/\/sanblanch.com\/ca\/salo-i-cuina-integrats\/","og_locale":"ca_ES","og_type":"article","og_title":"Sal\u00f3 i cuina integrats - Sanblanch","og_description":"Sal\u00f3 i cuina integrats Sant Pere de Ribes Amplitud i disseny en un mateix espai A Sanblanch vam dur a terme aquesta reforma integral amb un objectiu principal: integrar la cuina i el sal\u00f3 en un \u00fanic espai coherent. El nostre prop\u00f2sit era transformar una zona compartimentada en una llar moderna, lluminosa i funcional. Un ... Read more","og_url":"https:\/\/sanblanch.com\/ca\/salo-i-cuina-integrats\/","og_site_name":"Sanblanch","article_modified_time":"2026-01-16T10:54:22+00:00","og_image":[{"width":1600,"height":1200,"url":"https:\/\/sanblanch.com\/wp-content\/uploads\/2025\/09\/Cocina-madera-1.webp","type":"image\/webp"}],"twitter_card":"summary_large_image","twitter_misc":{"Temps estimat de lectura":"3 minuts"},"schema":{"@context":"https:\/\/schema.org","@graph":[{"@type":"WebPage","@id":"https:\/\/sanblanch.com\/ca\/salo-i-cuina-integrats\/","url":"https:\/\/sanblanch.com\/ca\/salo-i-cuina-integrats\/","name":"Sal\u00f3 i cuina integrats - Sanblanch","isPartOf":{"@id":"https:\/\/sanblanch.com\/ca\/#website"},"primaryImageOfPage":{"@id":"https:\/\/sanblanch.com\/ca\/salo-i-cuina-integrats\/#primaryimage"},"image":{"@id":"https:\/\/sanblanch.com\/ca\/salo-i-cuina-integrats\/#primaryimage"},"thumbnailUrl":"https:\/\/sanblanch.com\/wp-content\/uploads\/2025\/09\/Cocina-madera-1-1024x768.webp","datePublished":"2025-09-06T11:12:15+00:00","dateModified":"2026-01-16T10:54:22+00:00","breadcrumb":{"@id":"https:\/\/sanblanch.com\/ca\/salo-i-cuina-integrats\/#breadcrumb"},"inLanguage":"ca","potentialAction":[{"@type":"ReadAction","target":["https:\/\/sanblanch.com\/ca\/salo-i-cuina-integrats\/"]}]},{"@type":"ImageObject","inLanguage":"ca","@id":"https:\/\/sanblanch.com\/ca\/salo-i-cuina-integrats\/#primaryimage","url":"https:\/\/sanblanch.com\/wp-content\/uploads\/2025\/09\/Cocina-madera-1-1024x768.webp","contentUrl":"https:\/\/sanblanch.com\/wp-content\/uploads\/2025\/09\/Cocina-madera-1-1024x768.webp"},{"@type":"BreadcrumbList","@id":"https:\/\/sanblanch.com\/ca\/salo-i-cuina-integrats\/#breadcrumb","itemListElement":[{"@type":"ListItem","position":1,"name":"Portada","item":"https:\/\/sanblanch.com\/ca\/"},{"@type":"ListItem","position":2,"name":"Sal\u00f3 i cuina integrats"}]},{"@type":"WebSite","@id":"https:\/\/sanblanch.com\/ca\/#website","url":"https:\/\/sanblanch.com\/ca\/","name":"Sanblanch","description":"Reformas e interiorismo Vilanova i la Geltru, Sitges, Garraf","publisher":{"@id":"https:\/\/sanblanch.com\/ca\/#organization"},"potentialAction":[{"@type":"SearchAction","target":{"@type":"EntryPoint","urlTemplate":"https:\/\/sanblanch.com\/ca\/?s={search_term_string}"},"query-input":{"@type":"PropertyValueSpecification","valueRequired":true,"valueName":"search_term_string"}}],"inLanguage":"ca"},{"@type":"Organization","@id":"https:\/\/sanblanch.com\/ca\/#organization","name":"Sanblanch","url":"https:\/\/sanblanch.com\/ca\/","logo":{"@type":"ImageObject","inLanguage":"ca","@id":"https:\/\/sanblanch.com\/ca\/#\/schema\/logo\/image\/","url":"https:\/\/sanblanch.com\/wp-content\/uploads\/2025\/08\/Logo-H-Soluciones-para-el-hogar-Blanco-y-negro.webp","contentUrl":"https:\/\/sanblanch.com\/wp-content\/uploads\/2025\/08\/Logo-H-Soluciones-para-el-hogar-Blanco-y-negro.webp","width":800,"height":329,"caption":"Sanblanch"},"image":{"@id":"https:\/\/sanblanch.com\/ca\/#\/schema\/logo\/image\/"},"sameAs":["https:\/\/www.instagram.com\/sanblanch\/?hl=es"]}]}},"_links":{"self":[{"href":"https:\/\/sanblanch.com\/ca\/wp-json\/wp\/v2\/pages\/3359","targetHints":{"allow":["GET"]}}],"collection":[{"href":"https:\/\/sanblanch.com\/ca\/wp-json\/wp\/v2\/pages"}],"about":[{"href":"https:\/\/sanblanch.com\/ca\/wp-json\/wp\/v2\/types\/page"}],"author":[{"embeddable":true,"href":"https:\/\/sanblanch.com\/ca\/wp-json\/wp\/v2\/users\/1"}],"replies":[{"embeddable":true,"href":"https:\/\/sanblanch.com\/ca\/wp-json\/wp\/v2\/comments?post=3359"}],"version-history":[{"count":4,"href":"https:\/\/sanblanch.com\/ca\/wp-json\/wp\/v2\/pages\/3359\/revisions"}],"predecessor-version":[{"id":3740,"href":"https:\/\/sanblanch.com\/ca\/wp-json\/wp\/v2\/pages\/3359\/revisions\/3740"}],"wp:attachment":[{"href":"https:\/\/sanblanch.com\/ca\/wp-json\/wp\/v2\/media?parent=3359"}],"curies":[{"name":"wp","href":"https:\/\/api.w.org\/{rel}","templated":true}]}}